{"id":3931,"date":"2019-07-08T08:48:46","date_gmt":"2019-07-08T08:48:46","guid":{"rendered":"https:\/\/grp-airsys.com\/?page_id=3931"},"modified":"2024-03-01T11:45:01","modified_gmt":"2024-03-01T10:45:01","slug":"services-efs","status":"publish","type":"page","link":"https:\/\/grp-airsys.com\/es\/services-efs\/","title":{"rendered":"Earth Fault Search System"},"content":{"rendered":"<div class=\"vc_row wpb_row vc_row-fluid vc_custom_1704796162395\" ><div class=\"wpb_column vc_column_container vc_col-sm-12\"><div class=\"vc_column-inner\"><div class=\"wpb_wrapper\">\n\t\t\t<!-- START EFD REVOLUTION SLIDER 6.5.19 --><p class=\"rs-p-wp-fix\"><\/p>\n\t\t\t<rs-module-wrap id=\"rev_slider_24_1_wrapper\" data-source=\"gallery\" style=\"visibility:hidden;background:transparent;padding:0;margin:0px auto;margin-top:0;margin-bottom:0;max-width:100%;\">\n\t\t\t\t<rs-module id=\"rev_slider_24_1\" style=\"\" data-version=\"6.5.19\">\n\t\t\t\t\t<rs-slides>\n\t\t\t\t\t\t<rs-slide style=\"position: absolute;\" data-key=\"rs-56\" data-title=\"Slide\" data-anim=\"ms:600;\" data-in=\"o:0;\" data-out=\"a:false;\">\n\t\t\t\t\t\t\t<img fetchpriority=\"high\" decoding=\"async\" src=\"\/\/grp-airsys.com\/wp-content\/plugins\/revslider\/public\/assets\/assets\/dummy.png\" alt=\"\" title=\"optEFS\" width=\"2300\" height=\"939\" class=\"rev-slidebg tp-rs-img rs-lazyload\" data-lazyload=\"\/\/grp-airsys.com\/wp-content\/uploads\/2023\/12\/optEFS.webp\" data-no-retina>\n<!--\n\t\t\t\t\t\t\t--><rs-layer\n\t\t\t\t\t\t\t\tid=\"slider-24-slide-56-layer-0\" \n\t\t\t\t\t\t\t\tdata-type=\"image\"\n\t\t\t\t\t\t\t\tdata-rsp_ch=\"on\"\n\t\t\t\t\t\t\t\tdata-xy=\"x:c;yo:250px,200px,200px,250px;\"\n\t\t\t\t\t\t\t\tdata-text=\"w:normal;s:20,12,6,4;l:0,15,8,6;\"\n\t\t\t\t\t\t\t\tdata-dim=\"w:200px,120px,100px,100px;h:161px,97px,80px,80px;\"\n\t\t\t\t\t\t\t\tdata-frame_999=\"o:0;st:w;\"\n\t\t\t\t\t\t\t\tstyle=\"z-index:9;\"\n\t\t\t\t\t\t\t><img decoding=\"async\" src=\"\/\/grp-airsys.com\/wp-content\/plugins\/revslider\/public\/assets\/assets\/dummy.png\" alt=\"\" class=\"tp-rs-img rs-lazyload\" data-lazyload=\"\/\/grp-airsys.com\/wp-content\/uploads\/2022\/10\/symbol_white.png\" data-no-retina> \n\t\t\t\t\t\t\t<\/rs-layer><!--\n\n\t\t\t\t\t\t\t--><rs-layer\n\t\t\t\t\t\t\t\tid=\"slider-24-slide-56-layer-1\" \n\t\t\t\t\t\t\t\tdata-type=\"text\"\n\t\t\t\t\t\t\t\tdata-xy=\"x:c;y:b;yo:230px,142px,143px,172px;\"\n\t\t\t\t\t\t\t\tdata-text=\"w:normal;s:100,62,60,60;l:31,19,70,70;a:center;\"\n\t\t\t\t\t\t\t\tdata-dim=\"w:1857px,1142px,465px,421px;h:66px,40px,133px,auto;\"\n\t\t\t\t\t\t\t\tdata-basealign=\"slide\"\n\t\t\t\t\t\t\t\tdata-frame_0=\"x:-39px,-23px,-12px,-9px;\"\n\t\t\t\t\t\t\t\tdata-frame_1=\"st:300;sp:1500;sR:300;\"\n\t\t\t\t\t\t\t\tdata-frame_999=\"o:0;st:w;sR:7200;\"\n\t\t\t\t\t\t\t\tstyle=\"z-index:8;font-family:'Oswald';\"\n\t\t\t\t\t\t\t>Earth Fault Search System \n\t\t\t\t\t\t\t<\/rs-layer><!--\n-->\t\t\t\t\t\t<\/rs-slide>\n\t\t\t\t\t<\/rs-slides>\n\t\t\t\t\t<rs-static-layers><!--\n\t\t\t\t\t--><\/rs-static-layers>\n\t\t\t\t<\/rs-module>\n\t\t\t\t<script>\n\t\t\t\t\tsetREVStartSize({c: 'rev_slider_24_1',rl:[1240,1024,778,480],el:[790,545,590,680],gw:[1788,1100,600,480],gh:[790,545,590,680],type:'standard',justify:'',layout:'fullwidth',mh:\"0\"});if (window.RS_MODULES!==undefined && window.RS_MODULES.modules!==undefined && window.RS_MODULES.modules[\"revslider241\"]!==undefined) {window.RS_MODULES.modules[\"revslider241\"].once = false;window.revapi24 = undefined;if (window.RS_MODULES.checkMinimal!==undefined) window.RS_MODULES.checkMinimal()}\n\t\t\t\t<\/script>\n\t\t\t<\/rs-module-wrap>\n\t\t\t<!-- END REVOLUTION SLIDER -->\n\n\t<div class=\"wpb_text_column wpb_content_element  flechitaclick\" >\n\t\t<div class=\"wpb_wrapper\">\n\t\t\t<p style=\"text-align: center;\"><div class=\"eds-animate edsanimate-sis-hidden\" data-eds-entry-animation=\"fadeInDown\" data-eds-entry-delay=\"0.5\" data-eds-entry-duration=\"0.5\" data-eds-entry-timing=\"linear\" data-eds-exit-animation=\"sink\" data-eds-exit-delay=\"0\" data-eds-exit-duration=\"2.5\" data-eds-exit-timing=\"linear\" data-eds-repeat-count=\"1\" data-eds-keep=\"yes\" data-eds-animate-on=\"load\" data-eds-scroll-offset=\"\"><\/p>\n<p style=\"text-align: center;\"><span style=\"color: #000000;\"><a style=\"color: #000000;\" href=\"#flecha\"><strong><span style=\"font-size: 30px; line-height: 40px;\">\u2193<\/span><\/strong><\/a><\/span><\/p>\n<\/div>\n\n\t\t<\/div>\n\t<\/div>\n<\/div><\/div><\/div><\/div><div id=\"flecha\" class=\"vc_row wpb_row vc_row-fluid vc_custom_1705495529063\" ><div class=\"wpb_column vc_column_container vc_col-sm-12 vc_hidden-md vc_hidden-sm vc_hidden-xs\"><div class=\"vc_column-inner\"><div class=\"wpb_wrapper\"><div class=\"vc_empty_space\"   style=\"height: 100px\"><span class=\"vc_empty_space_inner\"><\/span><\/div>\n\t<div  class=\"wpb_single_image wpb_content_element vc_align_left  vc_custom_1708341535627  zoomicon\">\n\t\t\n\t\t<figure class=\"wpb_wrapper vc_figure\">\n\t\t\t<a href=\"https:\/\/grp-airsys.com\/wp-content\/uploads\/2024\/01\/EFS-full.png\" target=\"_blank\" class=\"vc_single_image-wrapper   vc_box_border_grey\"><img decoding=\"async\" width=\"800\" height=\"798\" src=\"https:\/\/grp-airsys.com\/wp-content\/uploads\/2023\/12\/EFS_optimizado.webp\" class=\"vc_single_image-img attachment-full\" alt=\"\" title=\"EFS_optimizado\" srcset=\"https:\/\/grp-airsys.com\/wp-content\/uploads\/2023\/12\/EFS_optimizado.webp 800w, https:\/\/grp-airsys.com\/wp-content\/uploads\/2023\/12\/EFS_optimizado-300x300.webp 300w, https:\/\/grp-airsys.com\/wp-content\/uploads\/2023\/12\/EFS_optimizado-150x150.webp 150w, https:\/\/grp-airsys.com\/wp-content\/uploads\/2023\/12\/EFS_optimizado-768x766.webp 768w, https:\/\/grp-airsys.com\/wp-content\/uploads\/2023\/12\/EFS_optimizado-12x12.webp 12w\" sizes=\"(max-width: 800px) 100vw, 800px\" \/><\/a>\n\t\t<\/figure>\n\t<\/div>\n<div class=\"vc_empty_space\"   style=\"height: 100px\"><span class=\"vc_empty_space_inner\"><\/span><\/div>\n\t<div class=\"wpb_text_column wpb_content_element  wpb_animate_when_almost_visible wpb_fadeIn fadeIn blanquito\" >\n\t\t<div class=\"wpb_wrapper\">\n\t\t\t<p style=\"text-align: center;\"><span style=\"font-size: 100px;\">\ud835\udc04\ud835\udc05\ud835\udc12<\/span><\/p>\n\n\t\t<\/div>\n\t<\/div>\n<div class=\"vc_empty_space\"   style=\"height: 32px\"><span class=\"vc_empty_space_inner\"><\/span><\/div>\n\t<div class=\"wpb_text_column wpb_content_element  zoomin\" >\n\t\t<div class=\"wpb_wrapper\">\n\t\t\t<p style=\"text-align: center;\"><a href=\"https:\/\/grp-airsys.com\/wp-content\/uploads\/2023\/12\/EFS-GRP_EN.v1-opt.pdf\" target=\"_blank\" rel=\"noopener\"><span style=\"font-size: 35px;\">\ud835\uddd7\ud835\uddf2\ud835\ude00\ud835\uddf0\ud835\uddee\ud835\uddff\ud835\uddf4\ud835\ude02\ud835\uddf2 nuestro cat\u00e1logo<\/span><\/a><\/p>\n\n\t\t<\/div>\n\t<\/div>\n<div class=\"vc_empty_space\"   style=\"height: 32px\"><span class=\"vc_empty_space_inner\"><\/span><\/div><div class=\"vc_empty_space\"   style=\"height: 32px\"><span class=\"vc_empty_space_inner\"><\/span><\/div>\n\t<div class=\"wpb_text_column wpb_content_element  wpb_animate_when_almost_visible wpb_fadeIn fadeIn blanco\" >\n\t\t<div class=\"wpb_wrapper\">\n\t\t\t<div class=\"wpb_text_column wpb_content_element vc_custom_1644485903769\">\n<div class=\"wpb_wrapper\">\n<p>Los circuitos primarios son clave para la instalaci\u00f3n de balizamiento. Su nivel de aislamiento es una de las principales preocupaciones de los aeropuertos. Puede que no parezca un gran problema desde el punto de vista el\u00e9ctrico, pero s\u00ed afecta a la operatividad, debido a que un bajo aislamiento puede afectar al brillo de las balizas y tambi\u00e9n puede ser un primer signo de futuros problemas serios en la instalaci\u00f3n de balizamiento.<\/p>\n<p><strong>El sistema EFS-GRP<\/strong> proporcionar\u00e1 una evaluaci\u00f3n precisa del estado de su circuito primario, ofreciendo un mapeado del nivel de aislamiento en todo el circuito.<\/p>\n<p>Esta informaci\u00f3n est\u00e1 disponible 24\/7 y permitir\u00e1 a los equipos de mantenimiento monitorizar la evoluci\u00f3n del estado del circuito primario en \u201ctiempo real\u201d y en funci\u00f3n de las condiciones climatol\u00f3gicas, identificando puntos cr\u00edticos y proporcionando informaci\u00f3n relevante para planificar y decidir d\u00f3nde y cu\u00e1ndo actuar ahorrando horas del tedioso proceso de investigaci\u00f3n de campo.<\/p>\n<\/div>\n<\/div>\n\n\t\t<\/div>\n\t<\/div>\n<\/div><\/div><\/div><\/div><div class=\"vc_row wpb_row vc_row-fluid vc_custom_1699442128349\" ><div class=\"wpb_column vc_column_container vc_col-sm-12 vc_hidden-lg vc_hidden-sm vc_hidden-xs\"><div class=\"vc_column-inner\"><div class=\"wpb_wrapper\"><div class=\"vc_empty_space\"   style=\"height: 100px\"><span class=\"vc_empty_space_inner\"><\/span><\/div>\n\t<div class=\"wpb_text_column wpb_content_element  wpb_animate_when_almost_visible wpb_fadeInUp fadeInUp tituloportatil\" >\n\t\t<div class=\"wpb_wrapper\">\n\t\t\t<p style=\"text-align: center;\"><span style=\"font-size: 75px;\">\ud835\udc04\ud835\udc05\ud835\udc12<\/span><\/p>\n\n\t\t<\/div>\n\t<\/div>\n<div class=\"vc_empty_space\"   style=\"height: 32px\"><span class=\"vc_empty_space_inner\"><\/span><\/div>\n\t<div class=\"wpb_text_column wpb_content_element\" >\n\t\t<div class=\"wpb_wrapper\">\n\t\t\t<p style=\"text-align: center;\"><a href=\"https:\/\/grp-airsys.com\/wp-content\/uploads\/2023\/12\/EFS-GRP_EN.v1-opt.pdf\" target=\"_blank\" rel=\"noopener\"><span style=\"font-size: 28px;\">\ud835\uddd7\ud835\uddf2\ud835\ude00\ud835\uddf0\ud835\uddee\ud835\uddff\ud835\uddf4\ud835\ude02\ud835\uddf2 nuestro cat\u00e1logo<\/span><\/a><\/p>\n\n\t\t<\/div>\n\t<\/div>\n<div class=\"vc_empty_space\"   style=\"height: 100px\"><span class=\"vc_empty_space_inner\"><\/span><\/div>\n\t<div  class=\"wpb_single_image wpb_content_element vc_align_left  wpb_animate_when_almost_visible wpb_fadeIn fadeIn vc_custom_1708341550747  zoomicon\">\n\t\t\n\t\t<figure class=\"wpb_wrapper vc_figure\">\n\t\t\t<a href=\"https:\/\/grp-airsys.com\/wp-content\/uploads\/2024\/01\/EFS-full.png\" target=\"_blank\" class=\"vc_single_image-wrapper   vc_box_border_grey\"><img decoding=\"async\" width=\"800\" height=\"798\" src=\"https:\/\/grp-airsys.com\/wp-content\/uploads\/2023\/12\/EFS_optimizado.webp\" class=\"vc_single_image-img attachment-full\" alt=\"\" title=\"EFS_optimizado\" srcset=\"https:\/\/grp-airsys.com\/wp-content\/uploads\/2023\/12\/EFS_optimizado.webp 800w, https:\/\/grp-airsys.com\/wp-content\/uploads\/2023\/12\/EFS_optimizado-300x300.webp 300w, https:\/\/grp-airsys.com\/wp-content\/uploads\/2023\/12\/EFS_optimizado-150x150.webp 150w, https:\/\/grp-airsys.com\/wp-content\/uploads\/2023\/12\/EFS_optimizado-768x766.webp 768w, https:\/\/grp-airsys.com\/wp-content\/uploads\/2023\/12\/EFS_optimizado-12x12.webp 12w\" sizes=\"(max-width: 800px) 100vw, 800px\" \/><\/a>\n\t\t<\/figure>\n\t<\/div>\n<div class=\"vc_empty_space\"   style=\"height: 32px\"><span class=\"vc_empty_space_inner\"><\/span><\/div><div class=\"vc_empty_space\"   style=\"height: 32px\"><span class=\"vc_empty_space_inner\"><\/span><\/div><div class=\"vc_empty_space\"   style=\"height: 32px\"><span class=\"vc_empty_space_inner\"><\/span><\/div>\n\t<div class=\"wpb_text_column wpb_content_element\" >\n\t\t<div class=\"wpb_wrapper\">\n\t\t\t<div class=\"wpb_text_column wpb_content_element vc_custom_1644485903769\">\n<div class=\"wpb_wrapper\">\n<p>Los circuitos primarios son clave para la instalaci\u00f3n de balizamiento. Su nivel de aislamiento es una de las principales preocupaciones de los aeropuertos. Puede que no parezca un gran problema desde el punto de vista el\u00e9ctrico, pero s\u00ed afecta a la operatividad, debido a que un bajo aislamiento puede afectar al brillo de las balizas y tambi\u00e9n puede ser un primer signo de futuros problemas serios en la instalaci\u00f3n de balizamiento.<\/p>\n<p><strong>El sistema EFS-GRP<\/strong> proporcionar\u00e1 una evaluaci\u00f3n precisa del estado de su circuito primario, ofreciendo un mapeado del nivel de aislamiento en todo el circuito.<\/p>\n<p>Esta informaci\u00f3n est\u00e1 disponible 24\/7 y permitir\u00e1 a los equipos de mantenimiento monitorizar la evoluci\u00f3n del estado del circuito primario en \u201ctiempo real\u201d y en funci\u00f3n de las condiciones climatol\u00f3gicas, identificando puntos cr\u00edticos y proporcionando informaci\u00f3n relevante para planificar y decidir d\u00f3nde y cu\u00e1ndo actuar ahorrando horas del tedioso proceso de investigaci\u00f3n de campo.<\/p>\n<\/div>\n<\/div>\n\n\t\t<\/div>\n\t<\/div>\n<\/div><\/div><\/div><\/div><div class=\"vc_row wpb_row vc_row-fluid vc_custom_1699442139237\" ><div class=\"wpb_column vc_column_container vc_col-sm-12 vc_hidden-lg vc_hidden-md vc_hidden-sm\"><div class=\"vc_column-inner\"><div class=\"wpb_wrapper\">\n\t<div  class=\"wpb_single_image wpb_content_element vc_align_left  wpb_animate_when_almost_visible wpb_fadeIn fadeIn vc_custom_1708341566271\">\n\t\t\n\t\t<figure class=\"wpb_wrapper vc_figure\">\n\t\t\t<a href=\"https:\/\/grp-airsys.com\/wp-content\/uploads\/2024\/01\/EFS-full.png\" target=\"_blank\" class=\"vc_single_image-wrapper   vc_box_border_grey\"><img decoding=\"async\" width=\"800\" height=\"798\" src=\"https:\/\/grp-airsys.com\/wp-content\/uploads\/2023\/12\/EFS_optimizado.webp\" class=\"vc_single_image-img attachment-full\" alt=\"\" title=\"EFS_optimizado\" srcset=\"https:\/\/grp-airsys.com\/wp-content\/uploads\/2023\/12\/EFS_optimizado.webp 800w, https:\/\/grp-airsys.com\/wp-content\/uploads\/2023\/12\/EFS_optimizado-300x300.webp 300w, https:\/\/grp-airsys.com\/wp-content\/uploads\/2023\/12\/EFS_optimizado-150x150.webp 150w, https:\/\/grp-airsys.com\/wp-content\/uploads\/2023\/12\/EFS_optimizado-768x766.webp 768w, https:\/\/grp-airsys.com\/wp-content\/uploads\/2023\/12\/EFS_optimizado-12x12.webp 12w\" sizes=\"(max-width: 800px) 100vw, 800px\" \/><\/a>\n\t\t<\/figure>\n\t<\/div>\n<div class=\"vc_empty_space\"   style=\"height: 100px\"><span class=\"vc_empty_space_inner\"><\/span><\/div>\n\t<div class=\"wpb_text_column wpb_content_element  wpb_animate_when_almost_visible wpb_fadeInUp fadeInUp\" >\n\t\t<div class=\"wpb_wrapper\">\n\t\t\t<p style=\"text-align: center;\"><span style=\"font-size: 50px;\">\ud835\udc04\ud835\udc05\ud835\udc12<\/span><\/p>\n\n\t\t<\/div>\n\t<\/div>\n<div class=\"vc_empty_space\"   style=\"height: 32px\"><span class=\"vc_empty_space_inner\"><\/span><\/div>\n\t<div class=\"wpb_text_column wpb_content_element\" >\n\t\t<div class=\"wpb_wrapper\">\n\t\t\t<p style=\"text-align: center;\"><a href=\"https:\/\/grp-airsys.com\/wp-content\/uploads\/2023\/12\/EFS-GRP_EN.v1-opt.pdf\"><span style=\"font-size: 18px;\">\ud835\uddd7\ud835\uddf2\ud835\ude00\ud835\uddf0\ud835\uddee\ud835\uddff\ud835\uddf4\ud835\ude02\ud835\uddf2 nuestro cat\u00e1logo<\/span><\/a><\/p>\n\n\t\t<\/div>\n\t<\/div>\n<div class=\"vc_empty_space\"   style=\"height: 32px\"><span class=\"vc_empty_space_inner\"><\/span><\/div><div class=\"vc_empty_space\"   style=\"height: 32px\"><span class=\"vc_empty_space_inner\"><\/span><\/div><div class=\"vc_empty_space\"   style=\"height: 32px\"><span class=\"vc_empty_space_inner\"><\/span><\/div>\n\t<div class=\"wpb_text_column wpb_content_element\" >\n\t\t<div class=\"wpb_wrapper\">\n\t\t\t<div class=\"wpb_text_column wpb_content_element vc_custom_1644485903769\">\n<div class=\"wpb_wrapper\">\n<p>Los circuitos primarios son clave para la instalaci\u00f3n de balizamiento. Su nivel de aislamiento es una de las principales preocupaciones de los aeropuertos. Puede que no parezca un gran problema desde el punto de vista el\u00e9ctrico, pero s\u00ed afecta a la operatividad, debido a que un bajo aislamiento puede afectar al brillo de las balizas y tambi\u00e9n puede ser un primer signo de futuros problemas serios en la instalaci\u00f3n de balizamiento.<\/p>\n<p><strong>El sistema EFS-GRP<\/strong> proporcionar\u00e1 una evaluaci\u00f3n precisa del estado de su circuito primario, ofreciendo un mapeado del nivel de aislamiento en todo el circuito.<\/p>\n<p>Esta informaci\u00f3n est\u00e1 disponible 24\/7 y permitir\u00e1 a los equipos de mantenimiento monitorizar la evoluci\u00f3n del estado del circuito primario en \u201ctiempo real\u201d y en funci\u00f3n de las condiciones climatol\u00f3gicas, identificando puntos cr\u00edticos y proporcionando informaci\u00f3n relevante para planificar y decidir d\u00f3nde y cu\u00e1ndo actuar ahorrando horas del tedioso proceso de investigaci\u00f3n de campo.<\/p>\n<\/div>\n<\/div>\n\n\t\t<\/div>\n\t<\/div>\n<\/div><\/div><\/div><\/div><div class=\"vc_row wpb_row vc_row-fluid vc_custom_1699442153938\" ><div class=\"wpb_column vc_column_container vc_col-sm-12 vc_hidden-lg vc_hidden-md vc_hidden-xs\"><div class=\"vc_column-inner\"><div class=\"wpb_wrapper\"><div class=\"vc_empty_space\"   style=\"height: 100px\"><span class=\"vc_empty_space_inner\"><\/span><\/div>\n\t<div  class=\"wpb_single_image wpb_content_element vc_align_left  wpb_animate_when_almost_visible wpb_fadeIn fadeIn vc_custom_1708341578035\">\n\t\t\n\t\t<figure class=\"wpb_wrapper vc_figure\">\n\t\t\t<a href=\"https:\/\/grp-airsys.com\/wp-content\/uploads\/2024\/01\/EFS-full.png\" target=\"_blank\" class=\"vc_single_image-wrapper   vc_box_border_grey\"><img decoding=\"async\" width=\"800\" height=\"798\" src=\"https:\/\/grp-airsys.com\/wp-content\/uploads\/2023\/12\/EFS_optimizado.webp\" class=\"vc_single_image-img attachment-full\" alt=\"\" title=\"EFS_optimizado\" srcset=\"https:\/\/grp-airsys.com\/wp-content\/uploads\/2023\/12\/EFS_optimizado.webp 800w, https:\/\/grp-airsys.com\/wp-content\/uploads\/2023\/12\/EFS_optimizado-300x300.webp 300w, https:\/\/grp-airsys.com\/wp-content\/uploads\/2023\/12\/EFS_optimizado-150x150.webp 150w, https:\/\/grp-airsys.com\/wp-content\/uploads\/2023\/12\/EFS_optimizado-768x766.webp 768w, https:\/\/grp-airsys.com\/wp-content\/uploads\/2023\/12\/EFS_optimizado-12x12.webp 12w\" sizes=\"(max-width: 800px) 100vw, 800px\" \/><\/a>\n\t\t<\/figure>\n\t<\/div>\n<div class=\"vc_empty_space\"   style=\"height: 100px\"><span class=\"vc_empty_space_inner\"><\/span><\/div>\n\t<div class=\"wpb_text_column wpb_content_element  wpb_animate_when_almost_visible wpb_fadeInUp fadeInUp\" >\n\t\t<div class=\"wpb_wrapper\">\n\t\t\t<p style=\"text-align: center;\"><span style=\"font-size: 75px;\">\ud835\udc04\ud835\udc05\ud835\udc12<\/span><\/p>\n\n\t\t<\/div>\n\t<\/div>\n<div class=\"vc_empty_space\"   style=\"height: 32px\"><span class=\"vc_empty_space_inner\"><\/span><\/div>\n\t<div class=\"wpb_text_column wpb_content_element\" >\n\t\t<div class=\"wpb_wrapper\">\n\t\t\t<p style=\"text-align: center;\"><a href=\"https:\/\/grp-airsys.com\/wp-content\/uploads\/2023\/12\/EFS-GRP_EN.v1-opt.pdf\"><span style=\"font-size: 28px;\">\ud835\uddd7\ud835\uddf2\ud835\ude00\ud835\uddf0\ud835\uddee\ud835\uddff\ud835\uddf4\ud835\ude02\ud835\uddf2 nuestro cat\u00e1logo<\/span><\/a><\/p>\n\n\t\t<\/div>\n\t<\/div>\n<div class=\"vc_empty_space\"   style=\"height: 32px\"><span class=\"vc_empty_space_inner\"><\/span><\/div><div class=\"vc_empty_space\"   style=\"height: 32px\"><span class=\"vc_empty_space_inner\"><\/span><\/div><div class=\"vc_empty_space\"   style=\"height: 32px\"><span class=\"vc_empty_space_inner\"><\/span><\/div>\n\t<div class=\"wpb_text_column wpb_content_element\" >\n\t\t<div class=\"wpb_wrapper\">\n\t\t\t<div class=\"wpb_text_column wpb_content_element vc_custom_1644485903769\">\n<div class=\"wpb_wrapper\">\n<p>Los circuitos primarios son clave para la instalaci\u00f3n de balizamiento. Su nivel de aislamiento es una de las principales preocupaciones de los aeropuertos. Puede que no parezca un gran problema desde el punto de vista el\u00e9ctrico, pero s\u00ed afecta a la operatividad, debido a que un bajo aislamiento puede afectar al brillo de las balizas y tambi\u00e9n puede ser un primer signo de futuros problemas serios en la instalaci\u00f3n de balizamiento.<\/p>\n<p><strong>El sistema EFS-GRP<\/strong> proporcionar\u00e1 una evaluaci\u00f3n precisa del estado de su circuito primario, ofreciendo un mapeado del nivel de aislamiento en todo el circuito.<\/p>\n<p>Esta informaci\u00f3n est\u00e1 disponible 24\/7 y permitir\u00e1 a los equipos de mantenimiento monitorizar la evoluci\u00f3n del estado del circuito primario en \u201ctiempo real\u201d y en funci\u00f3n de las condiciones climatol\u00f3gicas, identificando puntos cr\u00edticos y proporcionando informaci\u00f3n relevante para planificar y decidir d\u00f3nde y cu\u00e1ndo actuar ahorrando horas del tedioso proceso de investigaci\u00f3n de campo.<\/p>\n<\/div>\n<\/div>\n\n\t\t<\/div>\n\t<\/div>\n<\/div><\/div><\/div><\/div><div class=\"vc_row wpb_row vc_row-fluid vc_custom_1704796172551\" ><div class=\"wpb_column vc_column_container vc_col-sm-12\"><div class=\"vc_column-inner\"><div class=\"wpb_wrapper\"><div class=\"vc_separator wpb_content_element vc_separator_align_center vc_sep_width_100 vc_sep_pos_align_center vc_separator_no_text vc_sep_color_grey\" ><span class=\"vc_sep_holder vc_sep_holder_l\"><span  class=\"vc_sep_line\"><\/span><\/span><span class=\"vc_sep_holder vc_sep_holder_r\"><span  class=\"vc_sep_line\"><\/span><\/span>\n<\/div><\/div><\/div><\/div><\/div><div class=\"vc_row wpb_row vc_row-fluid qodef-content-aligment-center\" ><div class=\"wpb_column vc_column_container vc_col-sm-12 vc_hidden-xs\"><div class=\"vc_column-inner\"><div class=\"wpb_wrapper\">\n\t<div class=\"wpb_text_column wpb_content_element  espacioletras\" >\n\t\t<div class=\"wpb_wrapper\">\n\t\t\t<p style=\"text-align: center;\"><a href=\"https:\/\/grp-airsys.com\/es\/\">\u00a0\u2192\u00a0\ud835\udddc\ud835\udde1\ud835\udddc\ud835\uddd6\ud835\udddc\ud835\udde2\u00a0\u2190\u00a0<\/a><\/p>\n\n\t\t<\/div>\n\t<\/div>\n<\/div><\/div><\/div><\/div><div class=\"vc_row wpb_row vc_row-fluid qodef-content-aligment-center\" ><div class=\"wpb_column vc_column_container vc_col-sm-12 vc_hidden-lg vc_hidden-md vc_hidden-sm\"><div class=\"vc_column-inner\"><div class=\"wpb_wrapper\"><a itemprop=\"url\" href=\"https:\/\/grp-airsys.com\/es\/\" target=\"_self\" style=\"color: #27a9f4;background-color: #ffffff;border-color: rgba(255,255,255,0.01);font-size: 18px\" class=\"qodef-btn qodef-btn-medium qodef-btn-solid qodef-btn-custom-hover-bg qodef-btn-custom-border-hover qodef-btn-custom-hover-color qodef-btn-icon\" data-hover-color=\"#9abcc9\" data-hover-bg-color=\"#ffffff\" data-hover-border-color=\"#ffffff\" >\n\t<span aria-hidden=\"true\" class=\"qodef-icon-linear-icons lnr lnr-arrow-left\" ><\/span>\t<span class=\"qodef-btn-svg\">\n\t\t<svg x=\"0px\" y=\"0px\" viewbox=\"0 0 5.5 10.1\" enable-background=\"new 0 0 5.5 10.1\" >\n\t\t\t\t<path fill=\"#BBBBBB\" d=\"M1.3,5.5L1.2,5.2C2.1,4.5,2.7,4.1,3,3.9c0.3-0.2,0.6-0.2,0.7-0.2c0.1,0,0.2,0,0.3,0.1S4.1,4,4.1,4.2\t\t\t\t\tc0,0.3-0.1,0.8-0.4,1.7L3.5,6.5c-0.3,1-0.4,1.6-0.4,1.9c0,0.1,0.1,0.2,0.2,0.2c0.1,0,0.4-0.2,1-0.6l0.2,0.3L3.2,9.1\t\t\t\t\tC2.8,9.3,2.6,9.4,2.4,9.5c-0.1,0-0.2,0.1-0.3,0.1c-0.1,0-0.3,0-0.3-0.1C1.7,9.3,1.7,9.2,1.7,8.9c0-0.3,0.1-0.7,0.2-1.1l0.4-1.4\t\t\t\t\tC2.4,5.7,2.5,5.3,2.5,5c0-0.1,0-0.2-0.1-0.2c-0.1,0-0.2,0-0.3,0.1C1.8,5.1,1.5,5.3,1.3,5.5z M3.2,2c0-0.3,0.1-0.5,0.2-0.7\t\t\t\t\tS3.8,1,4,1c0.2,0,0.3,0.1,0.5,0.2s0.2,0.3,0.2,0.5c0,0.3-0.1,0.5-0.2,0.7C4.3,2.5,4.1,2.6,3.8,2.6c-0.2,0-0.4-0.1-0.5-0.2\t\t\t\t\tC3.2,2.3,3.2,2.1,3.2,2z\"\/>\n\t\t<\/svg>\n\t<\/span>\n\t<span class=\"qodef-btn-text\">\ud835\udddc\ud835\udde1\ud835\udddc\ud835\uddd6\ud835\udddc\ud835\udde2<\/span>\n<\/a><\/div><\/div><\/div><\/div><div class=\"vc_row wpb_row vc_row-fluid vc_custom_1709028397017\" ><div class=\"wpb_column vc_column_container vc_col-sm-12\"><div class=\"vc_column-inner\"><div class=\"wpb_wrapper\">\n\t\t\t<!-- START Footer_EFS REVOLUTION SLIDER 6.5.19 --><p class=\"rs-p-wp-fix\"><\/p>\n\t\t\t<rs-module-wrap id=\"rev_slider_35_2_wrapper\" data-source=\"gallery\" style=\"visibility:hidden;background:transparent;padding:0;margin:0px auto;margin-top:0;margin-bottom:0;max-width:100%;\">\n\t\t\t\t<rs-module id=\"rev_slider_35_2\" style=\"\" data-version=\"6.5.19\">\n\t\t\t\t\t<rs-slides>\n\t\t\t\t\t\t<rs-slide style=\"position: absolute;\" data-key=\"rs-77\" data-title=\"Slide\" data-anim=\"ms:600;\" data-in=\"o:0;\" data-out=\"a:false;\" data-mediafilter=\"walden\">\n\t\t\t\t\t\t\t<img decoding=\"async\" src=\"\/\/grp-airsys.com\/wp-content\/plugins\/revslider\/public\/assets\/assets\/dummy.png\" alt=\"\" title=\"EFS-1_77.jpeg\" width=\"1280\" height=\"720\" class=\"rev-slidebg tp-rs-img rs-lazyload\" data-lazyload=\"\/\/grp-airsys.com\/wp-content\/uploads\/revslider\/video-media\/EFS-1_77.jpeg\" data-no-retina>\n\t\t\t\t\t\t\t<rs-bgvideo \n\t\t\t\t\t\t\t\tdata-video=\"w:100%;h:100%;nse:false;l:true;ptimer:false;vfc:true;\"\n\t\t\t\t\t\t\t\tdata-mp4=\"\/\/grp-airsys.com\/wp-content\/uploads\/2022\/10\/EFS-1.mp4\"\n\t\t\t\t\t\t\t><\/rs-bgvideo>\n<!---->\t\t\t\t\t\t<\/rs-slide>\n\t\t\t\t\t<\/rs-slides>\n\t\t\t\t\t<rs-static-layers><!--\n\t\t\t\t\t--><\/rs-static-layers>\n\t\t\t\t<\/rs-module>\n\t\t\t\t<script>\n\t\t\t\t\tsetREVStartSize({c: 'rev_slider_35_2',rl:[1240,1024,778,480],el:[790,545,590,680],gw:[1788,1100,600,480],gh:[790,545,590,680],type:'standard',justify:'',layout:'fullwidth',mh:\"0\"});if (window.RS_MODULES!==undefined && window.RS_MODULES.modules!==undefined && window.RS_MODULES.modules[\"revslider352\"]!==undefined) {window.RS_MODULES.modules[\"revslider352\"].once = false;window.revapi35 = undefined;if (window.RS_MODULES.checkMinimal!==undefined) window.RS_MODULES.checkMinimal()}\n\t\t\t\t<\/script>\n\t\t\t<\/rs-module-wrap>\n\t\t\t<!-- END REVOLUTION SLIDER -->\n<\/div><\/div><\/div><\/div>","protected":false},"excerpt":{"rendered":"Earth Fault Search System \u2193 \ud835\udc04\ud835\udc05\ud835\udc12 \ud835\uddd7\ud835\uddfc\ud835\ude04\ud835\uddfb\ud835\uddf9\ud835\uddfc\ud835\uddee\ud835\uddf1 \ud835\uddc8\ud835\uddce\ud835\uddcb \ud835\uddbc\ud835\uddba\ud835\uddcd\ud835\uddba\ud835\uddc5\ud835\uddc8\ud835\uddc0\ud835\uddce\ud835\uddbe Primary circuits are key to [...]","protected":false},"author":4,"featured_media":0,"parent":0,"menu_order":0,"comment_status":"closed","ping_status":"closed","template":"full-width.php","meta":{"footnotes":""},"_links":{"self":[{"href":"https:\/\/grp-airsys.com\/es\/wp-json\/wp\/v2\/pages\/3931"}],"collection":[{"href":"https:\/\/grp-airsys.com\/es\/wp-json\/wp\/v2\/pages"}],"about":[{"href":"https:\/\/grp-airsys.com\/es\/wp-json\/wp\/v2\/types\/page"}],"author":[{"embeddable":true,"href":"https:\/\/grp-airsys.com\/es\/wp-json\/wp\/v2\/users\/4"}],"replies":[{"embeddable":true,"href":"https:\/\/grp-airsys.com\/es\/wp-json\/wp\/v2\/comments?post=3931"}],"version-history":[{"count":40,"href":"https:\/\/grp-airsys.com\/es\/wp-json\/wp\/v2\/pages\/3931\/revisions"}],"predecessor-version":[{"id":7707,"href":"https:\/\/grp-airsys.com\/es\/wp-json\/wp\/v2\/pages\/3931\/revisions\/7707"}],"wp:attachment":[{"href":"https:\/\/grp-airsys.com\/es\/wp-json\/wp\/v2\/media?parent=3931"}],"curies":[{"name":"wp","href":"https:\/\/api.w.org\/{rel}","templated":true}]}}